{"id":115,"date":"2013-05-10T08:45:47","date_gmt":"2013-05-10T05:45:47","guid":{"rendered":"http:\/\/www.vergihaber.net\/?page_id=21"},"modified":"2016-08-22T17:59:46","modified_gmt":"2016-08-22T14:59:46","slug":"hakkimizda","status":"publish","type":"page","link":"https:\/\/www.esdymm.com\/?page_id=115","title":{"rendered":"Hakk\u0131m\u0131zda"},"content":{"rendered":"<p>Kurumsal hakk\u0131m\u0131zda sayfas\u0131 haz\u0131rlan\u0131yor.<\/p>\n","protected":false},"excerpt":{"rendered":"<p>Kurumsal hakk\u0131m\u0131zda sayfas\u0131 haz\u0131rlan\u0131yor.<\/p>\n","protected":false},"author":1,"featured_media":0,"parent":0,"menu_order":0,"comment_status":"closed","ping_status":"closed","template":"page-full-width.php","meta":{"footnotes":""},"class_list":["post-115","page","type-page","status-publish","hentry"],"_links":{"self":[{"href":"https:\/\/www.esdymm.com\/index.php?rest_route=\/wp\/v2\/pages\/115","targetHints":{"allow":["GET"]}}],"collection":[{"href":"https:\/\/www.esdymm.com\/index.php?rest_route=\/wp\/v2\/pages"}],"about":[{"href":"https:\/\/www.esdymm.com\/index.php?rest_route=\/wp\/v2\/types\/page"}],"author":[{"embeddable":true,"href":"https:\/\/www.esdymm.com\/index.php?rest_route=\/wp\/v2\/users\/1"}],"replies":[{"embeddable":true,"href":"https:\/\/www.esdymm.com\/index.php?rest_route=%2Fwp%2Fv2%2Fcomments&post=115"}],"version-history":[{"count":2,"href":"https:\/\/www.esdymm.com\/index.php?rest_route=\/wp\/v2\/pages\/115\/revisions"}],"predecessor-version":[{"id":579,"href":"https:\/\/www.esdymm.com\/index.php?rest_route=\/wp\/v2\/pages\/115\/revisions\/579"}],"wp:attachment":[{"href":"https:\/\/www.esdymm.com\/index.php?rest_route=%2Fwp%2Fv2%2Fmedia&parent=115"}],"curies":[{"name":"wp","href":"https:\/\/api.w.org\/{rel}","templated":true}]}}